{"id":2,"date":"2015-01-23T20:38:00","date_gmt":"2015-01-23T20:38:00","guid":{"rendered":"http:\/\/www.so-lass-ich-mich-nicht-pruefen.de\/?page_id=2"},"modified":"2015-10-26T21:00:15","modified_gmt":"2015-10-26T21:00:15","slug":"beispiel-seite","status":"publish","type":"page","link":"http:\/\/www.so-lass-ich-mich-nicht-pruefen.de\/?page_id=2","title":{"rendered":"ABC des Pr\u00fcfens"},"content":{"rendered":"<p><strong><span style=\"color: #ff0000;\">Mit Pr\u00fcfen steuert man\/frau !<br \/>\n<\/span><\/strong>&gt; Entsprechend steuert die Art und Weise, wie man pr\u00fcft, das Ergebnis.<\/p>\n<p><span style=\"color: #ff0000;\"><strong>Wie wird landl\u00e4ufig gepr\u00fcft?<\/strong>\u00a0<\/span><br \/>\n&gt; Wir \u00fcberpr\u00fcfen die Konformit\u00e4t (\u00dcbereinstimmung der Form mit der Formvorgabe) mit einem Anforderungskatalog, etwa einer Norm, d.h. wir \u00fcberpr\u00fcfen, ob das Gepr\u00fcfte dem Erwarteten entspricht. Wer vorher bestimmt, was raus kommen soll, der behandelt etwas wie ein geschlossenes System. Was hier gepr\u00fcft wird ist die Anpassungsf\u00e4higkeit, nicht, ob wir uns wesensgem\u00e4\u00df, also mit unantastbarer W\u00fcrde verhalten.<\/p>\n<p><span style=\"color: #ff0000;\"><strong>Wie funktionieren geschlossene Systeme (Maschinen)?<\/strong><\/span><br \/>\n&gt; Geschlossene Systeme sind berechenbare Systeme, d.h. sie werden quantitativ gesteuert und gepr\u00fcft. Zweck, Wege und Mittel zu ihrer Steuerung werden vorab definiert. &#8222;Eineindeutige&#8220; Konformit\u00e4t mit den Anforderungen sichert die Ergebnisqualit\u00e4t.<\/p>\n<p><span style=\"color: #ff0000;\"><strong>Sind Menschen berechenbar?<\/strong> <\/span><br \/>\n&gt; Im besten Fall: NEIN!. Wir betrachten Menschen in ihrer Besonderheit und Individualit\u00e4t als entwicklungsoffene &#8222;Systeme&#8220;. Au\u00dfer &#8211; sie lassen sich berechenbar zurichten oder von Au\u00dfen vergleichen! &#8211; was in (scheinbaren) Abh\u00e4ngigkeitssituationen immer wieder passiert.<\/p>\n<p><span style=\"color: #ff0000;\"><strong>Wie steuert Mensch Menschen ad\u00e4quat?<\/strong> <\/span><br \/>\n&gt; Nicht mit quantifizierenden Methoden, sondern mit Haltung. Letztere braucht subjektive und individuelle F\u00e4higkeiten wie das F\u00fchlen und Erfassen von Qualit\u00e4ten, es braucht eine innere Wahrnehmung und es braucht eine Art und Weise, die sich an selbstgew\u00e4hlten Werten orientiert. Es braucht das Ausbilden einer eigenen Urteilskraft.<\/p>\n<p><strong><span style=\"color: #ff0000;\">Wie sieht eine Pr\u00fcfung aus, die Qualit\u00e4ten und Potentiale erfassen will?<\/span><br \/>\n<\/strong>&gt; Sie sch\u00f6pft aus der F\u00fclle m\u00f6glicher Methoden und Wege. Sie ist achtsam auf Beziehungen, weil sie um die wirkende Kraft von Beziehungen wei\u00df. Und sie ist entwicklungsoffen, d.h. das Pr\u00fcfen, also der Gepr\u00fcfte, der Pr\u00fcfer und der Pr\u00fcfgegenstand selbst k\u00f6nnen sich entwickeln.<\/p>\n","protected":false},"excerpt":{"rendered":"<p>Mit Pr\u00fcfen steuert man\/frau ! &gt; Entsprechend steuert die Art und Weise, wie man pr\u00fcft, das Ergebnis. Wie wird landl\u00e4ufig gepr\u00fcft?\u00a0 &gt; Wir \u00fcberpr\u00fcfen die Konformit\u00e4t (\u00dcbereinstimmung der Form mit der Formvorgabe) mit einem Anforderungskatalog, etwa einer Norm, d.h. wir &hellip; <a href=\"http:\/\/www.so-lass-ich-mich-nicht-pruefen.de\/?page_id=2\">Weiterlesen <span class=\"meta-nav\">&rarr;<\/span><\/a><\/p>\n","protected":false},"author":1,"featured_media":0,"parent":0,"menu_order":2,"comment_status":"closed","ping_status":"closed","template":"","meta":{"footnotes":""},"class_list":["post-2","page","type-page","status-publish","hentry"],"aioseo_notices":[],"_links":{"self":[{"href":"http:\/\/www.so-lass-ich-mich-nicht-pruefen.de\/index.php?rest_route=\/wp\/v2\/pages\/2","targetHints":{"allow":["GET"]}}],"collection":[{"href":"http:\/\/www.so-lass-ich-mich-nicht-pruefen.de\/index.php?rest_route=\/wp\/v2\/pages"}],"about":[{"href":"http:\/\/www.so-lass-ich-mich-nicht-pruefen.de\/index.php?rest_route=\/wp\/v2\/types\/page"}],"author":[{"embeddable":true,"href":"http:\/\/www.so-lass-ich-mich-nicht-pruefen.de\/index.php?rest_route=\/wp\/v2\/users\/1"}],"replies":[{"embeddable":true,"href":"http:\/\/www.so-lass-ich-mich-nicht-pruefen.de\/index.php?rest_route=%2Fwp%2Fv2%2Fcomments&post=2"}],"version-history":[{"count":17,"href":"http:\/\/www.so-lass-ich-mich-nicht-pruefen.de\/index.php?rest_route=\/wp\/v2\/pages\/2\/revisions"}],"predecessor-version":[{"id":213,"href":"http:\/\/www.so-lass-ich-mich-nicht-pruefen.de\/index.php?rest_route=\/wp\/v2\/pages\/2\/revisions\/213"}],"wp:attachment":[{"href":"http:\/\/www.so-lass-ich-mich-nicht-pruefen.de\/index.php?rest_route=%2Fwp%2Fv2%2Fmedia&parent=2"}],"curies":[{"name":"wp","href":"https:\/\/api.w.org\/{rel}","templated":true}]}}