{"id":20,"date":"2015-01-24T13:13:22","date_gmt":"2015-01-24T13:13:22","guid":{"rendered":"http:\/\/www.so-lass-ich-mich-nicht-pruefen.de\/?page_id=20"},"modified":"2019-04-16T07:33:13","modified_gmt":"2019-04-16T07:33:13","slug":"von-k1-bis-k4","status":"publish","type":"page","link":"http:\/\/www.so-lass-ich-mich-nicht-pruefen.de\/?page_id=20","title":{"rendered":"Grunds\u00e4tzliches"},"content":{"rendered":"<p>Zuerst laden wir ein, ein paar <a href=\"http:\/\/www.so-lass-ich-mich-nicht-pruefen.de\/wp-content\/uploads\/2016\/07\/Theoretischer_Hintergrund.pdf\" target=\"_blank\" rel=\"noopener noreferrer\">systemtheoretische Hintergr\u00fcnde<\/a> zu verstehen. Diese sind wichtig, um ein pers\u00f6nliches Gef\u00fchl daf\u00fcr, dass in einer Pr\u00fcfsituation etwas unstimmig ist, entwickeln, wahrnehmen, bewusst greifen und begr\u00fcnden zu k\u00f6nnen. Im Folgenden stellen wir Ihnen hierf\u00fcr die entscheidenden Grundlagen zur Verf\u00fcgung. Wir unterscheiden dabei unterschiedliche Methoden f\u00fcr die unterschiedlichen Komplexit\u00e4tsdimensionen K1 bis K4.<\/p>\n<p><span style=\"color: #000000;\"><strong>K 1<\/strong><\/span><\/p>\n<p>Hier geht es um lineare, geschlossene Systeme. Zweck, Wege und Mittel sind festgelegt. Es steht fest, was rauskommt. Das System ver\u00e4ndert seine Umwelt, nicht sich selbst &#8211; es entsteht Abfall. Dem System muss Energie von Au\u00dfen zugef\u00fchrt werden. Der Bobachter sieht sich au\u00dferhalb des zu steuernden und zu kontrollierenden bzw. zu messenden (pr\u00fcfenden) Systems (Beispiele: Hammer, mechanische oder kybernetische Maschinen, Computer, Atomkraftwerke &#8230;). Begriffspaar: System \/ Umwelt \/<br \/>\nLogik: unendlicher Regress; Zerlegung, Analyse<\/p>\n<p>Werden komplexe Systeme h\u00f6herer Ordnung (K2-K4) mit dem Modell K1 betrachtet, werden diese kompliziert.<\/p>\n<p><a href=\"http:\/\/www.so-lass-ich-mich-nicht-pruefen.de\/wp-content\/uploads\/2015\/01\/Systeme_einfacher_Komplexitaet_K1.pdf\"><span style=\"color: #ff0000;\"><strong>Hierzu mehr unter:<\/strong> <\/span>Systeme_einfacher_Komplexitaet_K1<\/a><br \/>\nBeispiel, wie <a href=\"https:\/\/www.faz.net\/aktuell\/wissen\/weltraum\/bild-des-schwarzen-lochs-ein-historischer-schatten-16134547.html?printPagedArticle=true#pageIndex_0\" target=\"_blank\" rel=\"noopener noreferrer\">Wissenschaftlichkeit in dieser Logik funktioniert<\/a><\/p>\n<p><span style=\"color: #993300;\"><strong>K2<\/strong><\/span><\/p>\n<p>Hier geht es um autopoietische lebende Systeme in der organischen Welt. Wir betrachten sie als ko-konstitutive Systeme, die strukturell gekoppelt entstehen, sich jedoch selbstorganisiert ausgestalten. Ihr Zweck, Art, Gattung ist festgelegt, die Wege, wie sie ihre Aufgaben bew\u00e4ltigen, sind unterschiedlich, die Mittel vielf\u00e4ltig und variabel &#8211; es entsteht kein Abfall, da sich die Polarit\u00e4t von Leben und Sterben im Gleichgewicht h\u00e4lt. Die Energie speist sich aus dem gemeinsamen System Sonne \/ Erde sowie der inneren Verwandlung lebender Systeme. Der Beobachter entsteht aus der Selbstorganisation des Systems. (Beispiele: Zellen, Pflanzen, Tiere). Begriffspolarit\u00e4t: System \/ Mitwelt<br \/>\nLogik: Zirkelschluss; Zirkularit\u00e4t, Evolution\u00e4re Spirale<\/p>\n<p><a href=\"http:\/\/www.so-lass-ich-mich-nicht-pruefen.de\/wp-content\/uploads\/2015\/01\/Komplexitaetsdimension_Lebender_Systeme_K2.pdf\"><strong><span style=\"color: #ff0000;\">Hierzu mehr unter:<\/span> <\/strong>Komplexitaetsdimension_Lebender_Systeme_K2<\/a><\/p>\n<p><span style=\"color: #008000;\"><strong>K 3<\/strong><\/span><\/p>\n<p>Hier geht es um nichtlineare form-, prozess- und ergebnisoffene Systeme, sprich Kulturen, die Menschen bilden und gestalten: Familien, Gemeinden, L\u00e4nder, Organisationen. Der Beobachter kann sich selbst beobachten und w\u00fcrdevoll in \u201eFreiheit\u201c die Verantwortung f\u00fcr sein werteorientiertes Handeln \u00fcbernehmen \u2013 das System operiert f\u00fcr die Aufrechterhaltung von Kommunikation und der Generierung von Sinn. Deshalb wird aus der Zweckorientierung eine Sinnorientierung, die frei gew\u00e4hlt werden kann, ebenso wie die Wege und Mittel.<br \/>\nLogik: Abbruch durch Setzung, dann niederes oder hohes Drama<\/p>\n<p><strong><span style=\"color: #ff0000;\">Hierzu mehr unter:<\/span><\/strong> <a href=\"http:\/\/www.so-lass-ich-mich-nicht-pruefen.de\/wp-content\/uploads\/2015\/01\/Die_Komplexit\u00e4tsdimensionen_von_Vereinbarungen_zwischen_Menschen_K3.pdf\"><strong><br \/>\n<\/strong>&#8211; Die_Komplexit\u00e4tsdimensionen_von_Vereinbarungen_zwischen_Menschen_K3<\/a><br \/>\n&#8211; <a href=\"http:\/\/www.so-lass-ich-mich-nicht-pruefen.de\/wp-content\/uploads\/2016\/07\/Beziehungsqualitaet_messbar.pdf\" target=\"_blank\" rel=\"noopener noreferrer\">Wie Beziehungsqualit\u00e4t (in der Altenhilfe) messbar wird<\/a><\/p>\n<p><span style=\"color: #ff0000;\"><strong>Wie Pr\u00fcfen in K3 gelingen kann:<\/strong><\/span> <a href=\"http:\/\/www.so-lass-ich-mich-nicht-pruefen.de\/wp-content\/uploads\/2015\/01\/2014-09-17_Zeitgemae\u00dfe-Pruefkultur-mit_Bezug_zum_Guetesiegel_V2.pdf\">Wege in eine zeitgem\u00e4\u00dfe Pr\u00fcfkultur am Beispiel des G\u00fctesiegels f\u00fcr station\u00e4re Hospize Niedersachsen<\/a><\/p>\n<p><a href=\"http:\/\/www.so-lass-ich-mich-nicht-pruefen.de\/wp-content\/uploads\/2017\/11\/Was_ist_Beziehung_und_deren_Qualitaet.pdf\">Was ist Beziehung und deren Qualit\u00e4t?<\/a><\/p>\n<p><span style=\"color: #800080;\"><strong>K 4<\/strong><\/span><\/p>\n<p>Hier geht es um universelle Prinzipien, auf Grund derer die Wirklichkeit sich Moment f\u00fcr Moment unter unserer verantwortlichen oder unverantwortlichen Beteiligung ver\u00e4ndert.<br \/>\nLogik: Evidenz<\/p>\n<p><strong>Wenn sich Pr\u00fcfung aus der Horizontalen wieder auf die Vertikale richtet &#8211; Eine Ann\u00e4herung an K4: <\/strong><a href=\"http:\/\/www.so-lass-ich-mich-nicht-pruefen.de\/wp-content\/uploads\/2015\/01\/Gespr\u00e4ch-zu-K4.pdf\">Gespr\u00e4ch zu K4<\/a><\/p>\n<p><strong>Damit das Leben sich immer aufs Neue erfindet:\u00a0<\/strong> <a href=\"http:\/\/www.so-lass-ich-mich-nicht-pruefen.de\/wp-content\/uploads\/2015\/01\/Pruefaussichten_Die_Wuerdigung_von_Einzigartigkeit.pdf\">Pruefaussichten_Die_Wuerdigung_von_Einzigartigkeit<\/a><\/p>\n<p>Welches Qualit\u00e4tsmanagementsystem, welche Qualit\u00e4tsfragen, welche Instrumente und welche Pr\u00fcfverfahren eignen sich f\u00fcr die jeweiligen Komplexit\u00e4tsdimensionen? F\u00fcr alle, die Tabellen lieben hier das Experiment mit einer linearen Darstellung:<\/p>\n<p><a href=\"http:\/\/www.so-lass-ich-mich-nicht-pruefen.de\/wp-content\/uploads\/2017\/05\/QMS_fuer_System_1er-4er_Ordnung.pdf\" target=\"_blank\" rel=\"noopener noreferrer\">Gesamt\u00fcberblick_QMS f\u00fcr Systeme 1.-4. Dimension.<\/a><\/p>\n<p>Oder in Form eines transskribierten Vortrags auf dem Mission Investing Forum 2016 der GLS Bank und des Deutschen Stifterverbandes<\/p>\n<p><a href=\"http:\/\/www.so-lass-ich-mich-nicht-pruefen.de\/wp-content\/uploads\/2017\/06\/Wirkungsmessung_in_sozialen_Organisationen_fg.pdf\" target=\"_blank\" rel=\"noopener noreferrer\">Wirkungsmessung in sozialen Organisationen<\/a><\/p>\n","protected":false},"excerpt":{"rendered":"<p>Zuerst laden wir ein, ein paar systemtheoretische Hintergr\u00fcnde zu verstehen. Diese sind wichtig, um ein pers\u00f6nliches Gef\u00fchl daf\u00fcr, dass in einer Pr\u00fcfsituation etwas unstimmig ist, entwickeln, wahrnehmen, bewusst greifen und begr\u00fcnden zu k\u00f6nnen. Im Folgenden stellen wir Ihnen hierf\u00fcr die &hellip; <a href=\"http:\/\/www.so-lass-ich-mich-nicht-pruefen.de\/?page_id=20\">Weiterlesen <span class=\"meta-nav\">&rarr;<\/span><\/a><\/p>\n","protected":false},"author":1,"featured_media":0,"parent":0,"menu_order":3,"comment_status":"closed","ping_status":"closed","template":"","meta":{"footnotes":""},"class_list":["post-20","page","type-page","status-publish","hentry"],"aioseo_notices":[],"_links":{"self":[{"href":"http:\/\/www.so-lass-ich-mich-nicht-pruefen.de\/index.php?rest_route=\/wp\/v2\/pages\/20","targetHints":{"allow":["GET"]}}],"collection":[{"href":"http:\/\/www.so-lass-ich-mich-nicht-pruefen.de\/index.php?rest_route=\/wp\/v2\/pages"}],"about":[{"href":"http:\/\/www.so-lass-ich-mich-nicht-pruefen.de\/index.php?rest_route=\/wp\/v2\/types\/page"}],"author":[{"embeddable":true,"href":"http:\/\/www.so-lass-ich-mich-nicht-pruefen.de\/index.php?rest_route=\/wp\/v2\/users\/1"}],"replies":[{"embeddable":true,"href":"http:\/\/www.so-lass-ich-mich-nicht-pruefen.de\/index.php?rest_route=%2Fwp%2Fv2%2Fcomments&post=20"}],"version-history":[{"count":40,"href":"http:\/\/www.so-lass-ich-mich-nicht-pruefen.de\/index.php?rest_route=\/wp\/v2\/pages\/20\/revisions"}],"predecessor-version":[{"id":405,"href":"http:\/\/www.so-lass-ich-mich-nicht-pruefen.de\/index.php?rest_route=\/wp\/v2\/pages\/20\/revisions\/405"}],"wp:attachment":[{"href":"http:\/\/www.so-lass-ich-mich-nicht-pruefen.de\/index.php?rest_route=%2Fwp%2Fv2%2Fmedia&parent=20"}],"curies":[{"name":"wp","href":"https:\/\/api.w.org\/{rel}","templated":true}]}}