{"id":547,"date":"2022-03-05T12:24:50","date_gmt":"2022-03-05T12:24:50","guid":{"rendered":"http:\/\/www.so-lass-ich-mich-nicht-pruefen.de\/?page_id=547"},"modified":"2025-01-27T19:36:53","modified_gmt":"2025-01-27T19:36:53","slug":"beispiele-zur-eigenen-meinungsbildung-fuer-eine-zeitgemaesse-pruefkultur","status":"publish","type":"page","link":"http:\/\/www.so-lass-ich-mich-nicht-pruefen.de\/?page_id=547","title":{"rendered":"Beispiele zur eigenen Meinungsbildung f\u00fcr eine zeitgem\u00e4\u00dfe Pr\u00fcfkultur"},"content":{"rendered":"\n<p><strong>Beispiele, die die eigene Meinungsbildung bereichern k\u00f6nnen &#8211; sie sind Anregungen&nbsp; zu einer Perspektivenerweiterung &#8211; f\u00fcr den Wahrheitscheck ist jedeR selbst verantwortlich:<\/strong><\/p>\n\n\n\n<p><\/p>\n\n\n\n<p>zu 1) So werde ich gepr\u00fcft \/ getestet! \u2013 Kind<br>+ s<a href=\"https:\/\/www.deutschlandfunkkultur.de\/schwarze-paedagogik-die-spielarten-neoliberaler-erziehung.1008.de.html?dram:article_id=468114\" target=\"_blank\" rel=\"noreferrer noopener\">chwarze-paedagogik-die-spielarten-neoliberaler-erziehung.<\/a><br>+ Dinosaurierwettstreit nach 180 Jahre alter Theorie als h\u00f6chste wissenschaftliche Excellenz: <a href=\"https:\/\/www.faz.net\/aktuell\/feuilleton\/hoch-schule\/wie-universitaeten-um-den-exzellenzstatus-kaempfen-16146107.html?printPagedArticle=true#pageIndex_0\" target=\"_blank\" rel=\"noreferrer noopener\">Kampfstil der besten Unis<\/a><br>+ Studierende bis zu 20% psychisch erkrankt: <a href=\"http:\/\/www.faz.net\/aktuell\/rhein-main\/region-und-hessen\/studie-viele-studenten-haben-psychische-erkrankungen-15740104.html\" target=\"_blank\" rel=\"noreferrer noopener\">Ges\u00fcnder in krankem System<\/a><br>+ Verschulung und Bulemielernen: <a href=\"http:\/\/www.faz.net\/aktuell\/beruf-chance\/campus\/hochschulreform-was-von-bologna-bleibt-15664941.html?printPagedArticle=true#pageIndex_0\" target=\"_blank\" rel=\"noreferrer noopener\">Was von Bologna geblieben ist.<\/a><br>+ Und noch Wasser auf die M\u00fchlen der Uni-Rankings: <a href=\"http:\/\/www.faz.net\/aktuell\/feuilleton\/dubiose-agenturen-locken-mit-wissenschaftstourismus-15424762.html\" target=\"_blank\" rel=\"noreferrer noopener\">Sex on the beach<\/a><br>+ FAZ: <a href=\"http:\/\/www.faz.net\/aktuell\/feuilleton\/debatten\/wie-ein-lehrer-seine-existenz-verlor-15461257.html\" target=\"_blank\" rel=\"noreferrer noopener\">Wie ein Lehrer seine Existenz verlor<\/a>.<br>+ Bereits die <a href=\"http:\/\/www.faz.net\/aktuell\/gesellschaft\/kriminalitaet\/zwei-tote-bei-schiesserei-an-amerikanischer-schule-15414325.html\" target=\"_blank\" rel=\"noreferrer noopener\">11. Schie\u00dferei an einer Schule nach 24 Tagen in 2018 in der USA<\/a><br>+ Verlass auf die Daten: FAZ &#8211; <a href=\"http:\/\/www.faz.net\/aktuell\/wirtschaft\/studie-offenbart-schwachstellen-in-sozialstatistik-15263236.html\" target=\"_blank\" rel=\"noreferrer noopener\">Tricks und T\u00fccken der Sozialstatistik<\/a><br>+ Haben die Zulassungsbeh\u00f6rden ihre Pestizid-Gutachten vom Hersteller schreiben lassen? TAZ zur <a href=\"http:\/\/www.taz.de\/!5452341\/\" target=\"_blank\" rel=\"noreferrer noopener\">Pr\u00fcfkultur im Gutachterwesen<\/a><br>+ Das ganze Elend einer LUSTT\u00d6TENDEN Bildungszene: <a href=\"http:\/\/www.faz.net\/aktuell\/feuilleton\/abi-klausuren-kritik-am-kriterienraster-15175912.html\" target=\"_blank\" rel=\"noreferrer noopener\">Der Aufschrei<\/a><br>+ Ein kleines Schauderm\u00e4rchen: <a href=\"https:\/\/www.transform-magazin.de\/die-neoliberale-universitaet-ein-kleines-schaudermaerchen\/\" target=\"_blank\" rel=\"noreferrer noopener\">Neo-Liberale StudienUnwesen<\/a><br>+ <strong>Nur 35,2 %<\/strong> der deutschen Sch\u00fcler sind <strong>sehr \u00e4ngstlich<\/strong> vor <a href=\"http:\/\/www.faz.net\/aktuell\/wirtschaft\/wirtschaft-in-zahlen\/grafik-des-tages-wo-die-ehrgeizigsten-schueler-leben-14981407.html\" target=\"_blank\" rel=\"noreferrer noopener\">Pr\u00fcfungen <\/a>(3. bestes Ergebnis von 72 Staaten)<br>+ Klaus Ru\u00df: Wie die Beziehungsunf\u00e4higkeit Verantwortungslosigkeit produziert: <a href=\"http:\/\/www.so-lass-ich-mich-nicht-pruefen.de\/wp-content\/uploads\/2017\/02\/Eraessigungsaedagogik.jpg\" target=\"_blank\" rel=\"noreferrer noopener\">Erm\u00e4\u00dfigungsp\u00e4dagogik<\/a><br>+ &#8222;Ich halte die Studie f\u00fcr in hohem Ma\u00dfe manipulativ&#8220; &#8230; Akademischer Rat <a href=\"http:\/\/www.so-lass-ich-mich-nicht-pruefen.de\/wp-content\/uploads\/2016\/12\/Pisa_in-hohem-Ma\u00dfe-manipulativ.jpg\" target=\"_blank\" rel=\"noreferrer noopener\">Matthias Burchard zu PISA<\/a><br>+ Beurteilungsnot: FAZ &#8211; <a href=\"http:\/\/www.faz.net\/aktuell\/beruf-chance\/campus\/bildung-pruefungseinsicht-nach-klausuren-gibt-oft-aerger-14480280.html\" target=\"_blank\" rel=\"noreferrer noopener\">Immer \u00c4rger mit den Klausuren<\/a><br>+ Krankenkassen als Meister strategischen Pr\u00fcfungsbestehens: <a href=\"http:\/\/m.faz.net\/aktuell\/finanzen\/meine-finanzen\/versichern-und-schuetzen\/interview-mit-jens-baas-chef-der-techniker-krankenkasse-14472241.html\" target=\"_blank\" rel=\"noreferrer noopener\">Systematischer Abrechnungsbetrug<\/a> &amp;&nbsp;<a href=\"http:\/\/www.faz.net\/aktuell\/wirtschaft\/wirtschaftspolitik\/f-a-s-exklusiv-der-kassen-abrechnungsbetrug-nimmt-kein-ende-14983844.html\" target=\"_blank\" rel=\"noreferrer noopener\">Kein Ende<\/a><br>+ Die Hoffnung K3 mit K1 Methoden zu steuern, stirbt zuletzt: <a href=\"http:\/\/www.faz.net\/aktuell\/wirtschaft\/immobilien\/zweifel-an-aussagekraft-immer-aerger-mit-dem-mietspiegel-14405319.html\" target=\"_blank\" rel=\"noreferrer noopener\">Immer \u00c4rger mit dem Mietspiegel<\/a><br>+ Der falsche Spiegel: Alle wissen es: ein Ranking ist nur so viel Wert, wie die Bedeutung, die ihm zuweise: <a href=\"http:\/\/www.faz.net\/aktuell\/sport\/olympia\/sportpolitik\/der-blick-auf-den-medaillenspiegel-bei-olympia-verzerrt-das-gesamtbild-14398435.html?GEPC=s5\" target=\"_blank\" rel=\"noreferrer noopener\">Medallienspiegel<\/a><br>+ Die Verantwortung f\u00fcr die Wirklichkeitsbildung: <a href=\"http:\/\/www.faz.net\/aktuell\/gesellschaft\/gesundheit\/adhs-bei-kindern-wird-nun-besser-festgestellt-14389331.html?GEPC=s5\" target=\"_blank\" rel=\"noreferrer noopener\">ADHS &#8211; Diagnose<\/a><br>&#8222;Demnach wird ADHS zum Beispiel in W\u00fcrzburg f\u00fcnf Mal h\u00e4ufiger diagnostiziert als in Bremen.&#8220;<br>+ Die endlose Vermischung von Quantit\u00e4t und Qualit\u00e4t und deren Untauglichkeit: FAZ <a href=\"http:\/\/www.faz.net\/aktuell\/feuilleton\/forschung-und-lehre\/bologna-prozess-abschied-von-den-leistungspunkten-14346897.html\" target=\"_blank\" rel=\"noreferrer noopener\">Bologna-Prozess Abschied von den Leistungspunkten ECTS<br><\/a>+ Kleine Reform eines gro\u00dfen Irrtums: FAZ &#8211; <a href=\"http:\/\/www.faz.net\/aktuell\/feuilleton\/forschung-und-lehre\/bologna-system-kleine-reform-eines-grossen-irrtums-14236530.html\" target=\"_blank\" rel=\"noreferrer noopener\">wie Unis zu Ausbildungsfabriken wurden<\/a><br>+ &#8230; und fast schon \u00fcberangepasst: FAZ <a href=\"http:\/\/www.faz.net\/aktuell\/gesellschaft\/menschen\/sinus-jugend-studie-2016-zeigt-jugend-wenig-rebellisch-14200190.html\" target=\"_blank\" rel=\"noreferrer noopener\">Sinus Jugend-Studie 2016<br><\/a>+ Es geht nur ums Durchfallen: FAZ: <a href=\"http:\/\/www.faz.net\/aktuell\/beruf-chance\/campus\/riesige-durchfallquote-nur-sechs-prozent-schaffen-matheklausur-14194783.html\" target=\"_blank\" rel=\"noreferrer noopener\">nur 6% schaffen es!<\/a><br>+ Studierende als Hausarbeitenproduktionsmaschinen: <a href=\"http:\/\/www.zeit.de\/studium\/hochschule\/2016-01\/hausarbeiten-studium-wissenschaftliches-arbeiten-noten\" target=\"_blank\" rel=\"noreferrer noopener\">Zeit_Hausarbeiten<\/a><br>+ Strategische Gefechte bei Zulassung f\u00fcr Abschlussarbeiten auf den Unis: siehe <a href=\"http:\/\/www.faz.net\/aktuell\/beruf-chance\/campus\/abschlussarbeiten-der-einsame-weg-zum-examen-13959706-p2.html\" target=\"_blank\" rel=\"noreferrer noopener\">FAZ_Der einsame Weg zum Examen&nbsp;<\/a><br>+ Absurdistan im Deutsch-Abitur: FAZ <a href=\"http:\/\/www.faz.net\/aktuell\/rhein-main\/unklares-deutsch-abitur-in-hessen-macht-probleme-14188220.html\" target=\"_blank\" rel=\"noreferrer noopener\">Was ist der eigentliche Sinn?<\/a><br>+ Wer misst, misst Mist &#8230;&nbsp; <a href=\"http:\/\/www.faz.net\/aktuell\/technik-motor\/auto-verkehr\/vw-abgasskandal-immer-mehr-mist-bei-den-messungen-13819643.html\" target=\"_blank\" rel=\"noreferrer noopener\">FAZ_Ingenieure beim VW-Diesel Abgaswerte messen<\/a><br>+ Und soviel noch zu Richtlinien und Messwerten &#8211; geduldeter Missbrauch: <a href=\"http:\/\/www.sueddeutsche.de\/politik\/angaben-fuer-verbraucher-eu-duldet-schummelei-bei-lampen-1.2785389\" target=\"_blank\" rel=\"noreferrer noopener\">SZ_Energiesparschummelei<\/a><br>+ Unverantwortlichkeit generierende K1-K3 Verwechslung:<a href=\"http:\/\/www.faz.net\/aktuell\/politik\/tod-von-offiziersanwaerter-bundeswehr-gibt-fehler-zu-15178311.html\" target=\"_blank\" rel=\"noreferrer noopener\">Bundeswehr gibt Fehler zu<\/a><\/p>\n\n\n\n<p>zu 2 am Beispiel Corona Covid 19): SO LASS ICH MICH NICHT PR\u00dcFEN \/ TESTEN! \u2013 JugendlicheR<br>+ Saubere Analyse <a href=\"http:\/\/www.so-lass-ich-mich-nicht-pruefen.de\/wp-content\/uploads\/2020\/11\/Corman-Drosten-Review-Report.pdf\" target=\"_blank\" rel=\"noreferrer noopener\">Corman-Drosten Review Report<\/a><br>+ Zusammenstellung der Rohdaten: <a href=\"https:\/\/www.youtube.com\/channel\/UCfUDNxrKu_l_BJQYo8OvQlA\" target=\"_blank\" rel=\"noreferrer noopener\">Real Data Hero<\/a><br>+ <a href=\"http:\/\/blauerbote.com\/2020\/05\/13\/prof-christof-kuhbandner-manipulation-mit-dem-reproduktionsfaktor-r\/\" target=\"_blank\" rel=\"noreferrer noopener\">Manipulation mit dem Reproduktionsfaktor r von Prof. Christoph Kuhbandner <\/a><br>+ <a href=\"https:\/\/corona-transition.org\/alles-steht-und-fallt-mit-den-fallzahlen-und-diese-mit-dem-pcr-test\" target=\"_blank\" rel=\"noreferrer noopener\">Alles steht und f\u00e4llt mit den Fallzahlen<\/a><br>+ ARD-Korrektiv-<a href=\"https:\/\/telegra.ph\/PCR-schlecht-schlechter-Tagesschau-09-18\" target=\"_blank\" rel=\"noreferrer noopener\">PCR-Test<\/a><br>+ <a href=\"https:\/\/www.youtube.com\/watch?v=g-Whn62wZXE\" target=\"_blank\" rel=\"noreferrer noopener\">Positiver PCR-Test ist keine Diagnose<\/a><br>+ Jetzt auch von correctiv <a href=\"https:\/\/www.youtube.com\/watch?v=qaPILiEDpHQ\" target=\"_blank\" rel=\"noreferrer noopener\">ein Katastrophenwert<\/a>: 84 % der Covid-Tests sind zu 84% falsch positiv!<br>* Zur Validit\u00e4t des PCR-Test und der wissenschaftlichen Vertrauensw\u00fcrdigkeit des RKI &#8211; Ein <a href=\"https:\/\/www.youtube.com\/watch?v=S_Ofvc6jNNA&amp;feature=youtu.be\" target=\"_blank\" rel=\"noreferrer noopener\">Videobeitrag von Samuel Ekert<\/a><br>+ Supergau und Kardinalfehler \u2013 nach Anh\u00f6rung im Gesundheitsausschuss ignoriert: <a href=\"https:\/\/www.epochtimes.de\/politik\/deutschland\/der-supergau-und-kardinalfehler-professor-bergholz-ueber-pcr-tests-und-manipulierbare-inzidenzwerte-a3491290.html?telegram=1\">Prof. Bergholz \u00fcber PCR-Test und manipulierbar Inzidenzwerte<\/a><br>+ <a href=\"https:\/\/telegra.ph\/Der-PCR-Test-ist-nicht-validiert-06-25\" target=\"_blank\" rel=\"noreferrer noopener\">PCR Test<\/a> und <a href=\"https:\/\/telegra.ph\/PCR-Ein-DNA-Test-wird-zum-Manipulationsinstrument-06-28\" target=\"_blank\" rel=\"noreferrer noopener\">DNA-Test<\/a>: Validit\u00e4t<br>+ Fakten mit <a href=\"https:\/\/swprs.org\/covid-19-hinweis-ii\/\" target=\"_blank\" rel=\"noreferrer noopener\">Quellen zu Covid19<\/a><br>+ Traurig aber wahr: <a href=\"https:\/\/www.youtube.com\/watch?v=Y6W-JIMCfmo&amp;feature=youtu.be\" target=\"_blank\" rel=\"noreferrer noopener\">Gespr\u00e4ch mit Prof. Dr. Sucharit Bhakdi zu Covid-19<\/a><br>+ Einfach erkl\u00e4rt von Sucharid Bhakdi: Im Bewusstsein der Unterscheidung von K1- K2 und K3: <a href=\"https:\/\/www.youtube.com\/watch?v=JBB9bA-gXL4\" target=\"_blank\" rel=\"noreferrer noopener\">Corona<\/a><br>+ <a href=\"https:\/\/www.youtube.com\/watch?v=D6ridWR8nsE&amp;feature=youtu.be\" target=\"_blank\" rel=\"noreferrer noopener\">Corona-L\u00fcge ist aufgeflogen<\/a> und <a href=\"https:\/\/www.youtube.com\/watch?v=Vy-VuSRoNPQ&amp;feature=youtu.be\" target=\"_blank\" rel=\"noreferrer noopener\">Lockdown unn\u00f6tig<\/a><br>+ Zum Facktencheck mit Corona: <a href=\"https:\/\/www.zeitpunkt.ch\/der-lesch-faktor-das-neue-mass-fuer-volksverdummung\" target=\"_blank\" rel=\"noreferrer noopener\">Der Lesch-Faktor<\/a><br>+ Von der fehlenden wissenschaftlichen Begr\u00fcndung der Corona-Ma\u00dfnahmen &#8211; Ein weiterer <a href=\"https:\/\/www.heise.de\/tp\/features\/Von-der-fehlenden-wissenschaftlichen-Begruendung-der-Corona-Massnahmen-4709563.html?seite=all\" target=\"_blank\" rel=\"noreferrer noopener\">Faktencheck&nbsp;<\/a><br>+ Der <a href=\"https:\/\/www.rubikon.news\/artikel\/der-test-betrug\" target=\"_blank\" rel=\"noreferrer noopener\">Testbetrug<\/a> Was ist der Unterschied zwischen infiziert und positiv getestet?<br>+ und ein weiterer <a href=\"https:\/\/www.rubikon.news\/artikel\/der-test-betrug\" target=\"_blank\" rel=\"noreferrer noopener\">Testbetrug<\/a>.<br>+ Ein <a href=\"https:\/\/m.youtube.com\/watch?feature=youtu.be&amp;v=BkbyuyhBIvg\" target=\"_blank\" rel=\"noreferrer noopener\">Fest f\u00fcr den Frieden am 01.08.2020<\/a> in Berlin mit \u00fcber 1 Million Teilnehmenden<\/p>\n\n\n\n<p>Zu 3) SO will ich gepr\u00fcft \/ gestestent werden! \u2013 ErwachseneR<br>+ Ein n\u00fcchterner Blick auf wissenschaftliche Methoden in der Virologie: <a href=\"https:\/\/t.me\/Corona_Fakten\" target=\"_blank\" rel=\"noreferrer noopener\">Corona-Fakten<\/a><br>+ Die gef\u00e4llt mir am Besten: <a href=\"http:\/\/www.so-lass-ich-mich-nicht-pruefen.de\/wp-content\/uploads\/2020\/07\/Verschw\u00f6rungstheorien_B\u00f6ttcher_Br\u00f6ckers.pdf\" target=\"_blank\" rel=\"noreferrer noopener\">Die ganze Wahrheit \u00fcber Verschw\u00f6rungstheorien<\/a><br>+ Bei allen Debatten \u00fcber \u201eWissenschaftlichkeit\u201c darf man den Blick auf den sozialen, wirtschaftlichen und historischen Kontext des gerade verwendeten Wissenschaftsbegriffes und der damit verbundenen Werte nicht vergessen Das entstehen einer <a href=\"https:\/\/harald-walach.de\/methodenlehre-fuer-anfaenger\/17-was-ist-eine-wissenschaftliche-tatsache-ein-kleines-fallbeispiel-der-masernprozess\/\" target=\"_blank\" rel=\"noreferrer noopener\">wissenschaftlichen Tatsache ist ein sozialer Prozess.<\/a> Die Kochschen Postulate (1884) im Vergleich mit den Kriterien von Rivers (1937) vern\u00fcnftige Regeln f\u00fcr Mikroorganismen &#8211; <a href=\"https:\/\/youtu.be\/gfXnjmfUh5M\" target=\"_blank\" rel=\"noreferrer noopener\">nachvollziehbar zur eigenen Urteilsbildung<\/a><br>+ Telegraph.ch: <a href=\"https:\/\/telegra.ph\/Alle-Publikationen-auf-einem-Blick---Warum-diese-Arbeiten-kein-pathogenes-Virus-nachweisen-02-08\">Machtwerk \u2013 wissenschaftliche Argumentation<\/a><br>+ Gunnar Kaiser: <a href=\"https:\/\/www.youtube.com\/watch?v=9dAob0UBihg\" target=\"_blank\" rel=\"noreferrer noopener\">Corona als Kult<\/a>; <a href=\"https:\/\/www.gunnarkaiser.de\/about-2\" target=\"_blank\" rel=\"noreferrer noopener\">Der Kult, \u00dcber die Viralit\u00e4t des B\u00f6sen<\/a><br>+ Christian Schubert und Flavio von Witzleben \u00fcber die Gefahren reduktionistischen Denkens und dessen Konsequenzen: \u201e<a href=\"https:\/\/dein.tube\/watch\/OgiT5ykgRsAZF2m\">Professionelle Deformation<\/a>\u201c<br>+ Der historische Kontext: Robert Koch und die Suche nach dem Feind <a href=\"https:\/\/www.youtube.com\/watch?time_continue=628&amp;v=wTQD4xzVKRQ&amp;feature=emb_logo\" target=\"_blank\" rel=\"noreferrer noopener\">von Meike B\u00fcttner<\/a><br>+ FAZ vom 27.09.2005: <a href=\"https:\/\/www.faz.net\/aktuell\/wissen\/medizin-ernaehrung\/medizingeschichte-der-grosse-irrtum-des-doktor-koch-1256014.html?printPagedArticle=true#pageIndex_2\" target=\"_blank\" rel=\"noreferrer noopener\">Der gro\u00dfe Irrtum des Doktor Koch<\/a><br>+ Deutschlandfunk vom 26.12.2020: <a href=\"https:\/\/www.deutschlandfunk.de\/menschenexperimente-robert-koch-und-die-verbrechen-von.740.de.html?dram:article_id=489445\" target=\"_blank\" rel=\"noreferrer noopener\">Menschenexperiment: Robert Koch und die Verbrechen von \u00c4rzten in Afrika<\/a><br>+ Eine <a href=\"https:\/\/www.dailymotion.com\/video\/x7tji7m\" target=\"_blank\" rel=\"noreferrer noopener\">klare Analyse im Bewusstsein der Unterscheidungen von K1-K3<\/a> von Dr. Shiva Ayyadurai, Systembiologe MIT<br>+ Der Pr\u00e4sident von Tansania (+) testet die Tester zu ruft zur Verantwortung auf: <a href=\"https:\/\/www.youtube.com\/watch?v=vDInAuHNK54&amp;feature=youtu.be\" target=\"_blank\" rel=\"noreferrer noopener\">Wenn Papayas Corona haben<\/a><br>+ Testergebnisse aus dem Bundesministerium des Inneren: KM 4 \u2013 51000\/29#2 <a href=\"http:\/\/www.so-lass-ich-mich-nicht-pruefen.de\/wp-content\/uploads\/2020\/05\/BMI-Corona-Krisendiagnose_2020-05.pdf\" target=\"_blank\" rel=\"noreferrer noopener\">KM4 Analyse des Krisenmanagements<\/a><br>+ Christian Dettmars Leuchtturmurteil: <a href=\"http:\/\/www.so-lass-ich-mich-nicht-pruefen.de\/wp-content\/uploads\/2024\/07\/Amtsgericht_Weimar_9_F_148_21_EAO_Beschluss_anonym_2021_04_081.pdf\" target=\"_blank\" rel=\"noopener\" title=\"\">Beschluss vom 08.04.2021, Az.: 9 F 148\/21<\/a><br>+ Beitr\u00e4ge zur eigenen erwachsenen Urteilsbildung bei <a href=\"http:\/\/www.wandlungskunst.de\/myway4.html\" target=\"_blank\" rel=\"noreferrer noopener\">Wandelkunst<\/a><br>+ Die Sammlung zur eigenen Urteilsbildung auf <a href=\"https:\/\/corona-transition.org\/\" target=\"_blank\" rel=\"noreferrer noopener\">corona-transition<\/a><br>+ Die Stellungnahme (kurz) des <a href=\"http:\/\/www.so-lass-ich-mich-nicht-pruefen.de\/wp-content\/uploads\/2020\/09\/Kurzbericht-Corona-Ausschuss-07-09-2020.pdf\" target=\"_blank\" rel=\"noreferrer noopener\">Kurzbericht Corona-Ausschuss 07-09-2020<\/a><br>+ <a href=\"http:\/\/www.so-lass-ich-mich-nicht-pruefen.de\/wp-content\/uploads\/2020\/09\/Kurzbericht-Corona-Ausschuss-07-09-2020.pdf\" target=\"_blank\" rel=\"noreferrer noopener\">Die andere Seite der Wahrheit \u00fcber die Corona-Pandemie<\/a> von Dr. Nicola Schmitz<br>+ <a href=\"https:\/\/laufpass.com\/corona\/manipulation-durchschauen\/\">https:\/\/laufpass.com\/corona\/manipulation-durchschauen\/<\/a><br>+ <a href=\"https:\/\/www.srf.ch\/news\/dialog\/universitaet-freiburg-ein-masterabschluss-ohne-noten#:~:text=An%20der%20Universit%C3%A4t%20Freiburg%20k%C3%B6nnen,der%20Schweiz,%20die%20das%20anbietet\" title=\"\">Master-Abschluss ohne Noten<\/a><\/p>\n\n\n\n<p><strong>Grundlage f\u00fcr eine eigene Meinungs- und Urteilbildung: der <\/strong><a href=\"http:\/\/www.so-lass-ich-mich-nicht-pruefen.de\/wp-content\/uploads\/2020\/10\/medien-navigator-2020.pdf\" target=\"_blank\" rel=\"noreferrer noopener\"><strong>Mediennavigator<\/strong><\/a><strong> .<\/strong><\/p>\n\n\n\n<p><strong>UND WAS ERFREULICHES:<\/strong> <a href=\"http:\/\/trendreport-bildung.de\/\" target=\"_blank\" rel=\"noreferrer noopener\">Trendreport Bildung<\/a><br><strong>UND NOCH WAS:<\/strong> <a href=\"https:\/\/christinavondreien.ch\/verein-bildungskampagne\" target=\"_blank\" rel=\"noreferrer noopener\">Bildungskampagne<\/a><\/p>\n\n\n\n<p><strong>ES IST SO WEIT &#8211; am 27.07.2018 flatterte das in meinen Postkasten:<br>Simon Hoffmann sei dank:<\/strong> <a href=\"https:\/\/www.youtube.com\/watch?v=c9dxEgGQhDk&amp;ab_channel=ActioGrenzg%C3%A4nger\" target=\"_blank\" rel=\"noopener\" title=\"Bildungsgang - Actio Grenzg\u00e4nger\">Bildungsgang &#8211; Actio Grenzg\u00e4nger<\/a><\/p>\n\n\n\n<h2 class=\"wp-block-heading\"><\/h2>\n","protected":false},"excerpt":{"rendered":"<p>Beispiele, die die eigene Meinungsbildung bereichern k\u00f6nnen &#8211; sie sind Anregungen&nbsp; zu einer Perspektivenerweiterung &#8211; f\u00fcr den Wahrheitscheck ist jedeR selbst verantwortlich: zu 1) So werde ich gepr\u00fcft \/ getestet! \u2013 Kind+ schwarze-paedagogik-die-spielarten-neoliberaler-erziehung.+ Dinosaurierwettstreit nach 180 Jahre alter Theorie als &hellip; <a href=\"http:\/\/www.so-lass-ich-mich-nicht-pruefen.de\/?page_id=547\">Weiterlesen <span class=\"meta-nav\">&rarr;<\/span><\/a><\/p>\n","protected":false},"author":2,"featured_media":0,"parent":47,"menu_order":-1,"comment_status":"closed","ping_status":"closed","template":"","meta":{"footnotes":""},"class_list":["post-547","page","type-page","status-publish","hentry"],"aioseo_notices":[],"_links":{"self":[{"href":"http:\/\/www.so-lass-ich-mich-nicht-pruefen.de\/index.php?rest_route=\/wp\/v2\/pages\/547","targetHints":{"allow":["GET"]}}],"collection":[{"href":"http:\/\/www.so-lass-ich-mich-nicht-pruefen.de\/index.php?rest_route=\/wp\/v2\/pages"}],"about":[{"href":"http:\/\/www.so-lass-ich-mich-nicht-pruefen.de\/index.php?rest_route=\/wp\/v2\/types\/page"}],"author":[{"embeddable":true,"href":"http:\/\/www.so-lass-ich-mich-nicht-pruefen.de\/index.php?rest_route=\/wp\/v2\/users\/2"}],"replies":[{"embeddable":true,"href":"http:\/\/www.so-lass-ich-mich-nicht-pruefen.de\/index.php?rest_route=%2Fwp%2Fv2%2Fcomments&post=547"}],"version-history":[{"count":16,"href":"http:\/\/www.so-lass-ich-mich-nicht-pruefen.de\/index.php?rest_route=\/wp\/v2\/pages\/547\/revisions"}],"predecessor-version":[{"id":640,"href":"http:\/\/www.so-lass-ich-mich-nicht-pruefen.de\/index.php?rest_route=\/wp\/v2\/pages\/547\/revisions\/640"}],"up":[{"embeddable":true,"href":"http:\/\/www.so-lass-ich-mich-nicht-pruefen.de\/index.php?rest_route=\/wp\/v2\/pages\/47"}],"wp:attachment":[{"href":"http:\/\/www.so-lass-ich-mich-nicht-pruefen.de\/index.php?rest_route=%2Fwp%2Fv2%2Fmedia&parent=547"}],"curies":[{"name":"wp","href":"https:\/\/api.w.org\/{rel}","templated":true}]}}